{"id":1765,"date":"2025-04-13T09:48:11","date_gmt":"2025-04-13T07:48:11","guid":{"rendered":"https:\/\/auroratcg.fr\/?page_id=1765"},"modified":"2026-02-21T20:31:27","modified_gmt":"2026-02-21T19:31:27","slug":"mentions-legales","status":"publish","type":"page","link":"https:\/\/auroratcg.fr\/?page_id=1765","title":{"rendered":"MENTIONS L\u00c9GALES"},"content":{"rendered":"\n<p>Bienvenue sur&nbsp;www.auroratcg.fr, un site g\u00e9r\u00e9 par <strong>AURORA TCG EI.<\/strong><\/p>\n\n\n\n<p>Vous trouverez ci-dessous nos informations l\u00e9gales :<br>AURORA TCG\u00a0<br>Adresse : 692 Chemin Lyonnais 40090 BASCONS<br>T\u00e9l\u00e9phone : 06.63.93.63.41 \u00a0<br>Num\u00e9ro SIRET : 92825302000012<br>Capital Social\u00a0: 1000 euros<br>Directeur de la publication : Sarah GRILLON \u00a0<br>R\u00e9alisation du site : Sarah GRILLON \u00a0<br>H\u00e9bergeur\u00a0: Ce site est h\u00e9berg\u00e9 par O2SWITCH Chemin des Pardiaux 63000 Clermont-Ferrand<br>Ce site respecte la loi du 6 janvier 1978 relative \u00e0 l&rsquo;informatique, aux fichiers et aux libert\u00e9s. Nous<br>avons d\u00e9clar\u00e9 le traitement automatis\u00e9 des donn\u00e9es nominatives aupr\u00e8s de la Commission Nationale<br>de l&rsquo;Informatique et des Libert\u00e9s (CNIL).<\/p>\n\n\n\n<p>Droits des utilisateurs&nbsp;<br>Chaque utilisateur peut exercer son droit d&rsquo;acc\u00e8s, de modification et de suppression des donn\u00e9es<br>personnelles le concernant en nous contactant \u00e0 l&rsquo;adresse suivante : contact.auroratcg@gmail.com.<br>Propri\u00e9t\u00e9 intellectuelle&nbsp;<\/p>\n\n\n\n<p>Service de m\u00e9diation : <\/p>\n\n\n\n<p><em>Soci\u00e9t\u00e9 M\u00e9diation Professionnelle<br><a href=\"https:\/\/gijjejf.r.tsp1-brevo.net\/tr\/cl\/JyCcKJKU1vkqqdMjHaEjqV1eUUpJzRxyPoW2JDshXAa13qH7UWfl5p9ctoz3tfFgUndh1BsUFqNOwfowa-0S-PDQlCl7idtDF7fzg9t8JzlyiE2oJBthWHM2i9GFcDZj7gL2rwwPrIJq01eYWXotpezemkL2JfSbDMTH5GHW9PZXchJWLdVGMAuJ3ausa4f7NEEB0G927UJrcmQPYW5EfY8OcxibWUrFhgXx1ica6xKfPW2TySFxi_IDBv3P-BMtGaTUw19hHESSicgQO_OJdrZr0fdYxoByDZPdQ2bmUiB7pUnMB5JQDuGtHrj0ZU1rXkZZbcrtixFCDud32uFoiZ7IBcam6dDGDY1JsZfPrEEteTseQ4navc1gZinr-IwnUtCgfv13wZtrZFire6PTn_aCpzvvQ9D3b1VXH5mKNftGrELLOTbeGrjJJODOsqE9SD0M9VTOdMFdKhdWOjHF4KU1RK0ChySBcYftC8j0UVEsHgE8gaxLWL2yA3v9qXwRPEERpn18Ol0snJB3HQpdiIE5dc8R-Ep2ejsaLDLml0elicvMJVNVDW5eJK7bKn7ORZOD1laIyYcalUxg9xF1UosCkKQUYDIyHMPoLth0c0j90D1axKsU0YDkRyZFvpU2beU_s_6SGgF_cWTwv2lTWYrN-3T_FBek_EsO-D0J9_9vyXbcH3D3nN3jPlfv7dZ9VBxESqppRIrJU_QyTpeKdhL-2yW5Gpl0UYL1DYKGgs0qRECR\" target=\"_blank\" rel=\"noreferrer noopener\">http:\/\/www.mediateur-consommation-smp.fr<\/a><br>Alteritae 5 rue Salvaing 12000 Rodez<\/em><\/p>\n\n\n\n<p>Tous les noms de soci\u00e9t\u00e9s, marques et logos mentionn\u00e9s sur ce site sont la propri\u00e9t\u00e9 de leurs<br>d\u00e9tenteurs respectifs. Les images, captures d&rsquo;\u00e9cran et autres contenus sont \u00e9galement prot\u00e9g\u00e9s par<br>des droits d&rsquo;auteur.<br>Pour toute question concernant l&rsquo;utilisation de ces \u00e9l\u00e9ments ou pour obtenir une autorisation, veuillez<br>nous contacter par e-mail \u00e0 : contact.auroratcg@gmail.com.<\/p>\n","protected":false},"excerpt":{"rendered":"<p>Bienvenue sur&nbsp;www.auroratcg.fr, un site g\u00e9r\u00e9 par AURORA TCG EI. Vous trouverez ci-dessous nos informations l\u00e9gales :AURORA TCG\u00a0Adresse : 692 Chemin Lyonnais 40090 BASCONST\u00e9l\u00e9phone : 06.63.93.63.41 \u00a0Num\u00e9ro SIRET : 92825302000012Capital Social\u00a0: 1000 eurosDirecteur de la publication : Sarah GRILLON \u00a0R\u00e9alisation du site : Sarah GRILLON \u00a0H\u00e9bergeur\u00a0: Ce site est h\u00e9berg\u00e9 par O2SWITCH Chemin des Pardiaux 63000 [&hellip;]<\/p>\n","protected":false},"author":1,"featured_media":0,"parent":0,"menu_order":0,"comment_status":"closed","ping_status":"closed","template":"","meta":{"footnotes":""},"class_list":["post-1765","page","type-page","status-publish","hentry","entry","owp-thumbs-layout-horizontal","owp-btn-normal","owp-tabs-layout-section","has-no-thumbnails"],"jetpack_likes_enabled":false,"jetpack_sharing_enabled":true,"_links":{"self":[{"href":"https:\/\/auroratcg.fr\/index.php?rest_route=\/wp\/v2\/pages\/1765","targetHints":{"allow":["GET"]}}],"collection":[{"href":"https:\/\/auroratcg.fr\/index.php?rest_route=\/wp\/v2\/pages"}],"about":[{"href":"https:\/\/auroratcg.fr\/index.php?rest_route=\/wp\/v2\/types\/page"}],"author":[{"embeddable":true,"href":"https:\/\/auroratcg.fr\/index.php?rest_route=\/wp\/v2\/users\/1"}],"replies":[{"embeddable":true,"href":"https:\/\/auroratcg.fr\/index.php?rest_route=%2Fwp%2Fv2%2Fcomments&post=1765"}],"version-history":[{"count":5,"href":"https:\/\/auroratcg.fr\/index.php?rest_route=\/wp\/v2\/pages\/1765\/revisions"}],"predecessor-version":[{"id":6491,"href":"https:\/\/auroratcg.fr\/index.php?rest_route=\/wp\/v2\/pages\/1765\/revisions\/6491"}],"wp:attachment":[{"href":"https:\/\/auroratcg.fr\/index.php?rest_route=%2Fwp%2Fv2%2Fmedia&parent=1765"}],"curies":[{"name":"wp","href":"https:\/\/api.w.org\/{rel}","templated":true}]}}