{"id":274,"date":"2024-12-25T19:47:04","date_gmt":"2024-12-25T18:47:04","guid":{"rendered":"https:\/\/auroratcg.fr\/?page_id=274"},"modified":"2026-02-21T20:37:02","modified_gmt":"2026-02-21T19:37:02","slug":"cgv","status":"publish","type":"page","link":"https:\/\/auroratcg.fr\/?page_id=274","title":{"rendered":"Conditions g\u00e9n\u00e9rales de vente"},"content":{"rendered":"\n<p>Conditions g\u00e9n\u00e9rales de vente de la EI AURORA TCG sur le site internet www.auroratcg.fr<\/p>\n\n\n\n<p>Mise \u00e0 jour : 21\/02\/2026<\/p>\n\n\n\n<p><strong>Pr\u00e9ambule<\/strong><\/p>\n\n\n\n<p>Les pr\u00e9sentes conditions de vente sont conclues entre :<\/p>\n\n\n\n<ul class=\"wp-block-list\">\n<li>L\u2019entreprise individuelle \u00ab AURORA TCG \u00bb au capital de 1.000 euros immatricul\u00e9e au registre du commerce et des soci\u00e9t\u00e9s de Mont-de-Marsan sous le num\u00e9ro 928.253.020 et dont le si\u00e8ge social est fix\u00e9 au 692 Chemin Lyonnais 40090 BASCONS, d\u00e9nomm\u00e9e \u00ab AURORA TCG \u00bb<\/li>\n<\/ul>\n\n\n\n<ul class=\"wp-block-list\">\n<li>Toute personne physique ou morale souhaitant proc\u00e9der \u00e0 un achat via le site www.auroratcg.fr, d\u00e9nomm\u00e9e \u00ab l\u2019acheteur \u00bb.<\/li>\n<\/ul>\n\n\n\n<p>Le site internet www.auroratcg.fr est la propri\u00e9t\u00e9 exclusive de l\u2019entreprise individuelle AURORA TCG.<\/p>\n\n\n\n<p>Les Logos, les Marques, et la totalit\u00e9 des photos, des textes pr\u00e9sents sur notre site sont la propri\u00e9t\u00e9 exclusive des maisons d\u2019appartenance et sont prot\u00e9g\u00e9s par les lois relatives aux droits d\u2019auteur et \u00e0 la propri\u00e9t\u00e9 industrielle en France et dans d\u2019autres pays.<\/p>\n\n\n\n<p>Toute utilisation, reproduction ou exploitation, m\u00eame partielle, de ces \u00e9l\u00e9ments sans autorisation expresse et \u00e9crite de \u00ab AURORA TCG \u00bb ou des titulaires des droits est strictement interdite et expose \u00e0 des poursuites judiciaires.<\/p>\n\n\n\n<p><strong>ARTICLE 01 : Conditions<\/strong><\/p>\n\n\n\n<p>Les pr\u00e9sentes conditions g\u00e9n\u00e9rales de ventes (CGV) visent \u00e0 d\u00e9terminer les relations contractuelles entre \u00ab AURORA TCG \u00bb et \u00ab l\u2019acheteur \u00bb et sont applicables pour tout achat effectu\u00e9 sur le site www.auroratcg.fr.<\/p>\n\n\n\n<p>L\u2019achat d\u2019un bien implique l\u2019acceptation pleine et enti\u00e8re des pr\u00e9sentes CGV qui pr\u00e9valent sur toute autre condition non express\u00e9ment accept\u00e9e par \u00ab AURORA TCG \u00bb.<\/p>\n\n\n\n<p>\u00ab L\u2019acheteur \u00bb reconna\u00eet avoir pris connaissance des CGV avant de passer commande et la validation de celle-ci vaut pour acceptation des CGV sans n\u00e9cessit\u00e9 d\u2019une signature manuscrite.<\/p>\n\n\n\n<p>\u00ab AURORA TCG \u00bb se r\u00e9serve le droit de modifier ses CGV \u00e0 tout moment et les conditions applicables seront celles en vigueur \u00e0 la date de la commande de \u00ab l\u2019Acheteur \u00bb.<\/p>\n\n\n\n<p><strong>ARTICLE 02 : Produits<\/strong><\/p>\n\n\n\n<p>Les produits vendus par \u00ab AURORA TCG \u00bb sont ceux qui figurent sur le site www.auroratcg.fr et sont vendus dans la limite des stocks disponibles ou en pr\u00e9commandes et accompagn\u00e9s d\u2019un descriptif et d\u2019images fournies par les fournisseurs officiels.<\/p>\n\n\n\n<p>\u00ab AURORA TCG \u00bb ne pourra \u00eatre tenue responsable des diff\u00e9rences minimes de couleur ou des modifications de conception apport\u00e9es par les fabricants ni des d\u00e9fauts de fabrication possible de cartes sorties de produits scell\u00e9s.&nbsp;<\/p>\n\n\n\n<p>Aucune r\u00e9clamation ne sera accept\u00e9e en cas d\u2019\u00e9ventuels probl\u00e8mes de d\u00e9coupes, de mauvais cadrages ou encore de points blancs apparents ou autres d\u00e9fauts de fabrication connus chez les divers fabricants de cartes \u00e0 jouer et\/ou \u00e0 collectionner.&nbsp;<\/p>\n\n\n\n<p><strong>ARTICLE 03 : Prix et Livraisons<\/strong><\/p>\n\n\n\n<p>Les prix figurant sur le site www.auroratcg.fr sont des prix TTC en euros hors participation aux frais de traitement et d&rsquo;exp\u00e9dition.<\/p>\n\n\n\n<p>Les frais de port sont calcul\u00e9s lors de la validation du paiement selon le mode de livraison choisi par \u00ab l\u2019acheteur \u00bb.<\/p>\n\n\n\n<p>Le montant de chaque commande pay\u00e9e par \u00ab l\u2019acheteur \u00bb restera fixe et d\u00e9finitif quel que soit toute variation ult\u00e9rieure des tarifs et les produits demeurent la propri\u00e9t\u00e9 de \u00ab AURORA TCG \u00bb jusqu\u2019au paiement complet du prix.<\/p>\n\n\n\n<p>\u00ab AURORA TCG \u00bb se r\u00e9serve le droit de modifier ses prix \u00e0 tout moment et ce sans pr\u00e9avis.<\/p>\n\n\n\n<p><strong>ARTICLE 04 : Commandes<\/strong><\/p>\n\n\n\n<p>\u00ab L\u2019acheteur \u00bb souhaitant acheter un produit aupr\u00e8s de \u00ab AURORA TCG \u00bb doit obligatoirement effectuer le paiement selon les modalit\u00e9s et condition pr\u00e9vues sur le site www.auroratcg.fr&nbsp;<\/p>\n\n\n\n<p>La confirmation de la commande et\/ou pr\u00e9commande entra\u00eene l\u2019acceptation sans r\u00e9serve des pr\u00e9sentes CGV. \u00ab L\u2019acheteur \u00bb reconna\u00eet en avoir connaissance et renonce \u00e0 se pr\u00e9valoir de ses propres conditions d\u2019achat ou de toute autre condition.<\/p>\n\n\n\n<p>L\u2019ensemble des donn\u00e9es fournies et le paiement enregistr\u00e9 valent preuve de la transaction. L\u2019acceptation des CGV et le paiement de toute commande et\/ou pr\u00e9commande valent signature et acceptation des op\u00e9rations effectu\u00e9es par \u00ab l\u2019Acheteur \u00bb.<\/p>\n\n\n\n<p><strong>ARTICLE 05 : Pr\u00e9commandes<\/strong><\/p>\n\n\n\n<p>Une pr\u00e9commande est un achat r\u00e9alis\u00e9 avant la sortie d\u2019un produit. Les quantit\u00e9s de produits command\u00e9s chez notre distributeur sont sp\u00e9cifiquement calcul\u00e9es en tenant compte des quantit\u00e9s pr\u00e9command\u00e9es. De ce fait, toute pr\u00e9commande est ferme et d\u00e9finitive et ne pourra donner lieu \u00e0 annulation.<\/p>\n\n\n\n<p>Les dates mentionn\u00e9es sur les pages produits sont uniquement \u00e0 titre indicatif et sont susceptibles d\u2019\u00eatre modifi\u00e9es par les fabricants et\/ou distributeurs.<\/p>\n\n\n\n<p>\u00ab AURORA TCG \u00bb ne pourra \u00eatre tenue responsable de ces modifications, qui ne donneront droit \u00e0 aucune indemnit\u00e9 ou p\u00e9nalit\u00e9.<\/p>\n\n\n\n<p>Si nos distributeurs ne sont pas en capacit\u00e9 de nous livrer la quantit\u00e9 pr\u00e9command\u00e9e souhait\u00e9e m\u00eame \u00e0 une date ult\u00e9rieure, les pr\u00e9commandes seront alors annul\u00e9es et \u00ab l\u2019Acheteur \u00bb sera rembours\u00e9 en totalit\u00e9.<\/p>\n\n\n\n<p><strong>Article 06 : Service Client<\/strong><\/p>\n\n\n\n<p>\u200bPour toute question ou demande d\u2019informations ou photos suppl\u00e9mentaires, contactez : contact.auroratcg@gmail.com<\/p>\n\n\n\n<p><strong>Article 07 : Modalit\u00e9s de paiement et Facturation<\/strong><\/p>\n\n\n\n<p>Les paiements concernant les produits pr\u00e9sents sur le site www.auroratcg.fr sont accept\u00e9s uniquement par :<\/p>\n\n\n\n<ul class=\"wp-block-list\">\n<li>Carte bancaire<\/li>\n\n\n\n<li>Virement bancaire&nbsp;<\/li>\n\n\n\n<li>Esp\u00e8ces (remises en mains propres uniquement)<\/li>\n<\/ul>\n\n\n\n<p>Sp\u00e9cificit\u00e9 virement bancaire : \u00ab L\u2019acheteur \u00bb devra sous 48 heures maximum apr\u00e8s commande effectuer le virement bancaire. Sans r\u00e9ception du paiement, la commande sera annul\u00e9e.<\/p>\n\n\n\n<p>\u00ab L\u2019acheteur \u00bb accepte express\u00e9ment de recevoir les factures uniquement par voie \u00e9lectronique.<\/p>\n\n\n\n<p>Celles-ci seront envoy\u00e9es pour chaque commande et\/ou pr\u00e9commande int\u00e9gralement pay\u00e9e sur le site www.auroratcg.fr.<\/p>\n\n\n\n<p>\u00ab AURORA TCG \u00bb se r\u00e9serve le droit de refuser ou d\u2019annuler toute commande d\u2019un \u00ab acheteur \u00bb avec lequel existerait un litige et ce sans pr\u00e9avis ou information sans que cela ouvre droit \u00e0 quelques indemnit\u00e9s que ce soit.<\/p>\n\n\n\n<p><strong>Article 08 : Envois et Livraisons :<\/strong><\/p>\n\n\n\n<p>La vente en ligne des produits pr\u00e9sent\u00e9s sur le site www.auroratcg.fr est r\u00e9serv\u00e9e uniquement aux acheteurs qui r\u00e9sident en France M\u00e9tropolitaine et en Belgique.<\/p>\n\n\n\n<p>Pour tout autre pays, veuillez nous contacter pour convenir des modalit\u00e9s de ventes et d\u2019envoi sp\u00e9cifiques \u00e0 votre pays de r\u00e9sidence par email \u00e0 l\u2019adresse suivante contact.auroratcg@gmail.com<\/p>\n\n\n\n<p>Les moyens de livraisons des commandes et pr\u00e9commandes pass\u00e9es sur le site www.auroratcg.fr ou autres se feront soit :<\/p>\n\n\n\n<p>Par Mondial Relay<\/p>\n\n\n\n<p>Par remise en main propres \u00e0 la demande de \u00ab l\u2019acheteur \u00bb&nbsp;<\/p>\n\n\n\n<p>Les produits en stock seront exp\u00e9di\u00e9s dans les meilleurs d\u00e9lais (24\/48H jours ouvrables en g\u00e9n\u00e9ral) et les produits en pr\u00e9commandes seront quant \u00e0 eux exp\u00e9di\u00e9s d\u00e8s leur r\u00e9ception.<\/p>\n\n\n\n<p>Si votre commande est compos\u00e9e de produits disponibles imm\u00e9diatement et de produits en pr\u00e9commandes, la livraison totale de la commande sera effectu\u00e9e apr\u00e8s r\u00e9ception des produits en pr\u00e9commandes (sauf si commandes s\u00e9par\u00e9es).<\/p>\n\n\n\n<p>Sp\u00e9cificit\u00e9 Mondial Relay : une assurance forfaitaire de 25 euros est incluse quelle que soit la valeur de la commande en cas de perte ou d\u2019avarie lors du transport. \u00ab L\u2019acheteur \u00bb accepte express\u00e9ment que tout remboursement en cas de perte de colis soit limit\u00e9 \u00e0 25 euros quelle que soit la valeur de la commande sauf si r\u00e8glement au moment de la commande d\u2019une assurance compl\u00e9mentaire r\u00e9gl\u00e9e par ses soins (nous contacter par mail \u00e0 contact.auroratcg@gmail.com).<\/p>\n\n\n\n<p>En cas de dommage pendant le transport, \u00ab l\u2019acheteur \u00bb s\u2019engage \u00e0 refuser le colis et \u00e0 le signaler imm\u00e9diatement \u00e0 \u00ab AURORA TCG \u00bb afin que ces derniers puissent engager les proc\u00e9dures n\u00e9cessaires aupr\u00e8s du transporteur.<\/p>\n\n\n\n<p>Si \u00ab l\u2019acheteur \u00bb accepte le ou les colis endommag\u00e9s, il d\u00e9gage de ce fait \u00ab AURORA TCG \u00bb de toute responsabilit\u00e9 et ne pourra plus pr\u00e9tendre au d\u00e9lai de r\u00e9tractation ou garanti.<\/p>\n\n\n\n<p>\u00ab AURORA TCG \u00bb ne pourra \u00eatre tenue responsable en cas de :<\/p>\n\n\n\n<p>Non-ex\u00e9cution ou mauvaise ex\u00e9cution du contrat due \u00e0 \u00ab l\u2019acheteur \u00bb<\/p>\n\n\n\n<p>Force majeure ou tout \u00e9v\u00e9nement impr\u00e9visible et insurmontable<\/p>\n\n\n\n<p>Diff\u00e9rences non substantielles entre les photos ou descriptions de produits et les produits livr\u00e9s<\/p>\n\n\n\n<p>Colis indiqu\u00e9 comme \u00ab livr\u00e9 \u00bb par le transporteur<\/p>\n\n\n\n<p>Colis scann\u00e9 et mentionn\u00e9 comme \u00ab disponible \u00bb en point de retrait mais introuvable par la suite<\/p>\n\n\n\n<p>Ou \u00e0 un cas de force majeure tel que d\u00e9finie par la loi.<\/p>\n\n\n\n<p>Tout retard de livraison ne constitue pas un motif de remboursement ou d\u2019indemnisation de la part de \u00ab AURORA TCG \u00bb, les d\u00e9lais et modalit\u00e9s de livraison d\u00e9pendant du transporteur.<\/p>\n\n\n\n<p>Sp\u00e9cificit\u00e9 colis non retir\u00e9s dans un point relais : une p\u00e9nalit\u00e9 de 5 euros est appliqu\u00e9e pour frais de retour en cas de d\u00e9passement de d\u00e9lais de garde ou d&rsquo;un colis refus\u00e9. Le remboursement des frais de ports sera alors exclu.<\/p>\n\n\n\n<p>Informations sur le site Mondial Relay : vous avez 5 jours calendaires en Lockers et points relais (dimanches et jours f\u00e9ri\u00e9s inclus) pour retirer votre colis.<\/p>\n\n\n\n<p><strong>Article 09 : Avis :<\/strong> \u00ab L\u2019acheteur \u00bb accepte de recevoir par mail apr\u00e8s r\u00e9ception de sa commande une demande afin de laisser un avis sur la transaction effectu\u00e9e. \u00ab L\u2019acheteur \u00bb est libre d&rsquo;y r\u00e9pondre.<\/p>\n\n\n\n<p><strong>Article 10 : Droit de R\u00e9tractation :<\/strong><\/p>\n\n\n\n<p>\u00ab L\u2019acheteur \u00bb dispose d\u2019un d\u00e9lai de 14 jours pour retourner \u00e0 ses frais sous conditions d\u2019accord pr\u00e9alable, les produits pour lesquels il souhaite exercer son droit de r\u00e9tractation afin d\u2019obtenir un remboursement int\u00e9gral et sans p\u00e9nalit\u00e9 mis \u00e0 part les frais de port qui sont exclus.<\/p>\n\n\n\n<p>Ce d\u00e9lai court \u00e0 compter du jour de la livraison de la commande et si ce d\u00e9lai expire un dimanche ou un jour f\u00e9ri\u00e9 ou ch\u00f4m\u00e9, il est prolong\u00e9 jusqu\u2019au premier jour ouvrable suivant.&nbsp;<\/p>\n\n\n\n<p>Toute demande du droit de r\u00e9tractation devra \u00eatre formul\u00e9e aupr\u00e8s de L\u2019Entreprise Individuelle \u00ab AURORA TCG \u00bb uniquement par courrier recommand\u00e9 \u00e0 l\u2019adresse suivant AURORA TCG 692 Chemin Lyonnais 40090 BASCONS.<\/p>\n\n\n\n<p>Apr\u00e8s accord de \u00ab AURORA TCG \u00bb, \u00ab L\u2019acheteur \u00bb devra retourner \u00e0 ses frais et en \u00ab Colissimo remis contre signature \u00bb uniquement les produits concern\u00e9s par son droit de r\u00e9tractation \u00e0 l\u2019adresse mentionn\u00e9e (nous n&rsquo;acceptons pas de livraison en point relais).<\/p>\n\n\n\n<p>Conditions de retour :<\/p>\n\n\n\n<p>Les articles retourn\u00e9s doivent \u00eatre en \u00e9tat d&rsquo;origine, complets, emball\u00e9s, encore sous blister et non endommag\u00e9s. Une d\u00e9cote sera appliqu\u00e9e au remboursement si le produit est retourn\u00e9 incomplet, ab\u00eem\u00e9 ou sali par le client.<\/p>\n\n\n\n<p>Les cartes \u00e0 l\u2019unit\u00e9 ou en lots sont exclus du droit de r\u00e9tractation.<\/p>\n\n\n\n<p>Tout produit endommag\u00e9 ou dont l\u2019emballage est alt\u00e9r\u00e9 ne sera pas rembours\u00e9 et sera retourn\u00e9 aux frais de \u00ab l\u2019acheteur \u00bb<\/p>\n\n\n\n<p>Le remboursement interviendra sous un d\u00e9lai de 30 jours \u00e0 compter de la r\u00e9ception et de la v\u00e9rification des articles retourn\u00e9s et par le m\u00eame moyen de paiement de la commande.<\/p>\n\n\n\n<p><strong>Article 11 : Garantie :<\/strong><\/p>\n\n\n\n<p>Tous les produits fournis par \u00ab AURORA TCG \u00bb b\u00e9n\u00e9ficient de la garantie l\u00e9gale pr\u00e9vue par les articles 1641 jusqu\u2019\u00e0 l\u2019article 1649 du Code civil except\u00e9 les cartes \u00e0 l\u2019unit\u00e9 ou carte en lots.&nbsp;<\/p>\n\n\n\n<p>En cas de non-conformit\u00e9 d\u2019un produit et apr\u00e8s accord pr\u00e9alable, \u00ab l\u2019acheteur \u00bb devra le retourner par ses propres moyens \u00e0 \u00ab AURORA TCG \u00bb afin qu\u2019un \u00e9change ou un remboursement puisse \u00eatre effectu\u00e9.<\/p>\n\n\n\n<p>\u00ab AURORA TCG \u00bb ne garantit pas un non d\u00e9faut de scellage, cartons ou emballages des produits de cartes \u00e0 jouer car ce sont des produits qui sont destin\u00e9s \u00e0 \u00eatre ouverts par nos clients. La vente \u00e0 distance ne permet pas d\u2019offrir une garantie de produits scell\u00e9s en \u00e9tat impeccable \u00e0 cause du transport. La responsabilit\u00e9 de \u00ab AURORA TCG \u00bb ne peut \u00eatre engag\u00e9e car cela n\u2019entrave en rien l\u2019utilisation finale du produit et ne remet aucunement en cause la qualit\u00e9 du produit.&nbsp;<\/p>\n\n\n\n<p>Les articles qui ont \u00e9t\u00e9 descell\u00e9s par \u00ab l\u2019acheteur \u00bb apr\u00e8s la livraison ne seront plus sous garantie et ne pourront pas b\u00e9n\u00e9ficier d\u2019un remboursement.<\/p>\n\n\n\n<p>Toutes les r\u00e9clamations, demandes d\u2019\u00e9change ou de remboursement doivent s\u2019effectuer par voie postale \u00e0 l\u2019adresse suivante : AURORA TCG 692 Chemin Lyonnais 40090 BASCONS dans un d\u00e9lai de quatorze jours \u00e0 compter de la date de livraison.<\/p>\n\n\n\n<p><strong>Article 12 : Archivage &amp; Preuve :<\/strong><\/p>\n\n\n\n<p>\u00ab AURORA TCG \u00bb archivera les bons de commandes et les factures conform\u00e9ment aux dispositions de l\u2019article 1348 du Code civil.&nbsp;<\/p>\n\n\n\n<p>Les registres informatis\u00e9s de \u00ab AURORA TCG \u00bb seront consid\u00e9r\u00e9s par les 2 parties comme preuve des communications, commandes, paiements et transactions intervenus entre les parties.<\/p>\n\n\n\n<p><strong>Article 13 : Droit Applicable &#8211; Litiges \u2013 M\u00e9diation<\/strong><\/p>\n\n\n\n<p>Le pr\u00e9sent contrat est soumis \u00e0 la loi fran\u00e7aise.<\/p>\n\n\n\n<p>La langue du pr\u00e9sent contrat est la langue fran\u00e7aise.<\/p>\n\n\n\n<p>En cas de litige les tribunaux Fran\u00e7ais de Mont-de-Marsan seront seuls comp\u00e9tents.<\/p>\n\n\n\n<p>En cas de litige \u00ab l\u2019acheteur \u00bb devra en priorit\u00e9 contacter \u00ab AURORA TCG \u00bb qui privil\u00e9gie en premier lieu une solution \u00e0 l\u2019amiable.<\/p>\n\n\n\n<p>Responsabilit\u00e9s :<\/p>\n\n\n\n<p>\u00ab AURORA TCG \u00bb ne pourra \u00eatre tenue responsable des modifications des produits d\u00e9cid\u00e9es par les fabricants.<\/p>\n\n\n\n<p>Sa responsabilit\u00e9 est limit\u00e9e au montant de la commande.<\/p>\n\n\n\n<p>Si aucune solution \u00e0 l\u2019amiable n\u2019est trouv\u00e9e, il appartiendra \u00e0 \u00ab l\u2019acheteur \u00bb de saisir le m\u00e9diateur choisi par \u00ab AURORA TCG \u00bb et d\u2019exposer son litige via leur site internet.<\/p>\n\n\n\n<p><em>En cas de litige entre le Client et l\u2019entreprise, ceux-ci s\u2019efforceront de le r\u00e9soudre \u00e0 l\u2019amiable (le Client adressera une r\u00e9clamation \u00e9crite aupr\u00e8s du professionnel ou, le cas \u00e9ch\u00e9ant, aupr\u00e8s du Service Relations Client\u00e8le du professionnel).<br>A d\u00e9faut d\u2019accord amiable ou en l\u2019absence de r\u00e9ponse du professionnel dans un d\u00e9lai raisonnable d\u2019un (1) mois, le Client consommateur au sens de l\u2019article L.612-2 du code de la consommation a la possibilit\u00e9 de saisir gratuitement, si un d\u00e9saccord subsiste, le m\u00e9diateur comp\u00e9tent inscrit sur la liste des m\u00e9diateurs \u00e9tablie par la Commission d\u2019\u00e9valuation et de contr\u00f4le de la m\u00e9diation de la consommation en application de l\u2019article L.615-1 du code de la consommation, \u00e0 savoir :<br>La Soci\u00e9t\u00e9 M\u00e9diation Professionnelle<br><a href=\"https:\/\/gijjejf.r.tsp1-brevo.net\/tr\/cl\/mtEX4MEAPdGhsC_NivaV0pYUiJshXz6YpWQ-k02LqZEKSdQi5rb_8nySwP0Rh03R3RSYMqPsqOYzJvVXMFsVgXayXQV4EaFrwUtl9mcHsEYIxagM3Y8P0rNGtDarLj5EDH8bZAsPiGeh0xnRs4RS1B4OuOLexFVNkR6Z9SMejZXs_47toi-e13FJvfIt6WMEim_rEMq7_igvMuq0hCXp0KYM0St2_f46NtAjJUl6Kdn4khbxDBOOGxPilmvSIVx6rW1VQeAtbKza5QQhT57NPc3iDJUAo2BukZFRI67L4ToF8hQXrjonL6Jli4dCFz3XiMz_xsickQjjuFNCsbU_eU44IZXzgUH0nzzpnT59tKkCKZjGTM1CL6PWweFju2GnyIh-W8N5WSEVxgHkEwqZ1CVzATb4-Y4fO0T9ZSpxDl-zUUNGt1Gg1NT8rovCf4JG1oB2R7wydStxVbzW1ckLU0O7VmGUxX63wCxfm_e4vpDq6XOfR2nbPHqLxraTNzrQsDy5kzzrPbIt3eo4a9kTNjtR6rvgHWOXRvmoZxvKCC4vrIaqXwZpPtlQprPJJZZPLrefM_EEqCr2CIBE-kaqlPKnCPO9sxqqeUJjPkIr1ieKLsJoqny4lGCIbl6Q0MVKKm-GhT5MX4bcacZCcB6_8EgiJftYzRW51_kOzHevlS3ZCN_RxCjBZtvhfXjWimxaTU9Z5-Zr2BpTk4zYXYvCPTSn-DPM3jV3eugGmQEvi_7v4ppr\" target=\"_blank\" rel=\"noreferrer noopener\">http:\/\/www.mediateur-consommation-smp.fr<\/a><br>Alteritae 5 rue Salvaing 12000 Rodez<\/em><\/p>\n\n\n\n<p>Si \u00ab l\u2019acheteur \u00bb refuse la solution \u00e0 l\u2019amiable et la m\u00e9diation propos\u00e9e par \u00ab AURORA TCG \u00bb, il lui appartiendra de saisir \u00e0 ses frais une autre solution de m\u00e9diation et\/ou les tribunaux comp\u00e9tents de Mont-de-Marsan (40).<\/p>\n\n\n\n<p><strong>Article 14 : Validit\u00e9 des clause<\/strong>s<\/p>\n\n\n\n<p>Si une clause des pr\u00e9sentes CGV est d\u00e9clar\u00e9e nulle par une autorit\u00e9 comp\u00e9tente, les autres dispositions resteront valides.<\/p>\n\n\n\n<p>Dans une telle hypoth\u00e8se, ou une clause serait annul\u00e9e par l\u2019autorit\u00e9 comp\u00e9tente, \u00ab AURORA TCG \u00bb devra dans la mesure du possible la remplacer par une clause valable correspondant \u00e0 l\u2019esprit et \u00e0 l\u2019objet des pr\u00e9sentes.<\/p>\n\n\n\n<p><\/p>\n","protected":false},"excerpt":{"rendered":"<p>Conditions g\u00e9n\u00e9rales de vente de la EI AURORA TCG sur le site internet www.auroratcg.fr Mise \u00e0 jour : 21\/02\/2026 Pr\u00e9ambule Les pr\u00e9sentes conditions de vente sont conclues entre : Le site internet www.auroratcg.fr est la propri\u00e9t\u00e9 exclusive de l\u2019entreprise individuelle AURORA TCG. Les Logos, les Marques, et la totalit\u00e9 des photos, des textes pr\u00e9sents sur [&hellip;]<\/p>\n","protected":false},"author":1,"featured_media":0,"parent":0,"menu_order":0,"comment_status":"closed","ping_status":"closed","template":"","meta":{"footnotes":""},"class_list":["post-274","page","type-page","status-publish","hentry","entry","owp-thumbs-layout-horizontal","owp-btn-normal","owp-tabs-layout-section","has-no-thumbnails"],"jetpack_likes_enabled":false,"jetpack_sharing_enabled":true,"_links":{"self":[{"href":"https:\/\/auroratcg.fr\/index.php?rest_route=\/wp\/v2\/pages\/274","targetHints":{"allow":["GET"]}}],"collection":[{"href":"https:\/\/auroratcg.fr\/index.php?rest_route=\/wp\/v2\/pages"}],"about":[{"href":"https:\/\/auroratcg.fr\/index.php?rest_route=\/wp\/v2\/types\/page"}],"author":[{"embeddable":true,"href":"https:\/\/auroratcg.fr\/index.php?rest_route=\/wp\/v2\/users\/1"}],"replies":[{"embeddable":true,"href":"https:\/\/auroratcg.fr\/index.php?rest_route=%2Fwp%2Fv2%2Fcomments&post=274"}],"version-history":[{"count":10,"href":"https:\/\/auroratcg.fr\/index.php?rest_route=\/wp\/v2\/pages\/274\/revisions"}],"predecessor-version":[{"id":6493,"href":"https:\/\/auroratcg.fr\/index.php?rest_route=\/wp\/v2\/pages\/274\/revisions\/6493"}],"wp:attachment":[{"href":"https:\/\/auroratcg.fr\/index.php?rest_route=%2Fwp%2Fv2%2Fmedia&parent=274"}],"curies":[{"name":"wp","href":"https:\/\/api.w.org\/{rel}","templated":true}]}}